{"id":24,"date":"2015-02-26T08:42:29","date_gmt":"2015-02-26T08:42:29","guid":{"rendered":"http:\/\/www.contactjam.at\/wp\/?page_id=24"},"modified":"2016-05-25T16:11:46","modified_gmt":"2016-05-25T15:11:46","slug":"haus-41","status":"publish","type":"page","link":"https:\/\/www.contactjam.at\/wp\/haus-41\/","title":{"rendered":"HAUS VIER UND EINZIG"},"content":{"rendered":"<p style=\"text-align: justify;\"><a href=\"http:\/\/www.vierundeinzig.at\/das-haus\/ort-konzept\/\" target=\"_blank\">www.vierundeinzig.at<\/a><\/p>\n<p style=\"text-align: justify;\">Einst war im historischen Geb\u00e4ude in der Hallerstra\u00dfe 41 die Schafwollwarenfabrik Weyrer untergebracht. Die Familie Weiss\u00a0erwarb 2013 das rosarote Fabriksgeb\u00e4ude und seither haben im 400 qm gro\u00dfen Saal des VIER UND EINZIG, der dar\u00fcber liegenden Galerie\/Cafeteria sowie in weiteren R\u00e4umen des Hauses zahlreiche Konzerte, Tanzproduktionen, Kreativwettbewerbe, Kurse, Proben, Ausstellungen, Workshops, Seminare und Feste stattgefunden.<\/p>\n<p><img decoding=\"async\" class=\"thumbnail\" style=\"max-width: 100%;\" src=\"http:\/\/www.ev-i.at\/ci-innsbruck\/wp-content\/uploads\/2014\/03\/VIER-UND-EINZIG-HAUS.jpg\" alt=\"\" \/><\/p>\n<p><img decoding=\"async\" class=\"thumbnail\" style=\"max-width: 100%;\" src=\"http:\/\/www.ev-i.at\/ci-innsbruck\/wp-content\/uploads\/2014\/03\/gro%C3%9Fer_Saal.jpg\" alt=\"\" \/><\/p>\n<p>&nbsp;<\/p>\n<p>&nbsp;<\/p>\n<p>&nbsp;<\/p>\n","protected":false},"excerpt":{"rendered":"<p>www.vierundeinzig.at Einst war im historischen Geb\u00e4ude in der Hallerstra\u00dfe 41 die Schafwollwarenfabrik Weyrer untergebracht. Die Familie Weiss\u00a0erwarb 2013 das rosarote Fabriksgeb\u00e4ude und seither haben im 400 qm gro\u00dfen Saal des VIER UND EINZIG, der dar\u00fcber liegenden Galerie\/Cafeteria sowie in weiteren R\u00e4umen des Hauses zahlreiche Konzerte, Tanzproduktionen, Kreativwettbewerbe, Kurse, Proben, Ausstellungen, Workshops, Seminare und Feste stattgefunden. &hellip; <a href=\"https:\/\/www.contactjam.at\/wp\/haus-41\/\" class=\"more-link\"><span class=\"screen-reader-text\">HAUS VIER UND EINZIG<\/span> weiterlesen <span class=\"meta-nav\">&rarr;<\/span><\/a><\/p>\n","protected":false},"author":1,"featured_media":0,"parent":0,"menu_order":0,"comment_status":"closed","ping_status":"closed","template":"","meta":{"footnotes":""},"class_list":["post-24","page","type-page","status-publish","hentry"],"_links":{"self":[{"href":"https:\/\/www.contactjam.at\/wp\/wp-json\/wp\/v2\/pages\/24","targetHints":{"allow":["GET"]}}],"collection":[{"href":"https:\/\/www.contactjam.at\/wp\/wp-json\/wp\/v2\/pages"}],"about":[{"href":"https:\/\/www.contactjam.at\/wp\/wp-json\/wp\/v2\/types\/page"}],"author":[{"embeddable":true,"href":"https:\/\/www.contactjam.at\/wp\/wp-json\/wp\/v2\/users\/1"}],"replies":[{"embeddable":true,"href":"https:\/\/www.contactjam.at\/wp\/wp-json\/wp\/v2\/comments?post=24"}],"version-history":[{"count":13,"href":"https:\/\/www.contactjam.at\/wp\/wp-json\/wp\/v2\/pages\/24\/revisions"}],"predecessor-version":[{"id":798,"href":"https:\/\/www.contactjam.at\/wp\/wp-json\/wp\/v2\/pages\/24\/revisions\/798"}],"wp:attachment":[{"href":"https:\/\/www.contactjam.at\/wp\/wp-json\/wp\/v2\/media?parent=24"}],"curies":[{"name":"wp","href":"https:\/\/api.w.org\/{rel}","templated":true}]}}