{"id":2439,"date":"2026-01-19T16:47:37","date_gmt":"2026-01-19T15:47:37","guid":{"rendered":"https:\/\/www.contactjam.at\/wp\/?page_id=2439"},"modified":"2026-03-12T11:48:44","modified_gmt":"2026-03-12T10:48:44","slug":"wici-2026-anmeldung-registration","status":"publish","type":"page","link":"https:\/\/www.contactjam.at\/wp\/wici-2026-anmeldung-registration\/","title":{"rendered":"WICI 2026 Anmeldung"},"content":{"rendered":"\n<p><\/p>\n\n\n\n<div class=\"wpcf7 no-js\" id=\"wpcf7-f52-o1\" lang=\"de-DE\" dir=\"ltr\" data-wpcf7-id=\"52\">\n<div class=\"screen-reader-response\"><p role=\"status\" aria-live=\"polite\" aria-atomic=\"true\"><\/p> <ul><\/ul><\/div>\n<form action=\"\/wp\/wp-json\/wp\/v2\/pages\/2439#wpcf7-f52-o1\" method=\"post\" class=\"wpcf7-form init\" aria-label=\"Kontaktformular\" novalidate=\"novalidate\" data-status=\"init\">\n<fieldset class=\"hidden-fields-container\"><input type=\"hidden\" name=\"_wpcf7\" value=\"52\" \/><input type=\"hidden\" name=\"_wpcf7_version\" value=\"6.1.5\" \/><input type=\"hidden\" name=\"_wpcf7_locale\" value=\"de_DE\" \/><input type=\"hidden\" name=\"_wpcf7_unit_tag\" value=\"wpcf7-f52-o1\" \/><input type=\"hidden\" name=\"_wpcf7_container_post\" value=\"0\" \/><input type=\"hidden\" name=\"_wpcf7_posted_data_hash\" value=\"\" \/>\n<\/fieldset>\n<p> Vorname \/ prename *<br \/>\n<span class=\"wpcf7-form-control-wrap\" data-name=\"vorname\"><input size=\"40\" maxlength=\"400\" class=\"wpcf7-form-control wpcf7-text wpcf7-validates-as-required\" aria-required=\"true\" aria-invalid=\"false\" value=\"\" type=\"text\" name=\"vorname\" \/><\/span>\n<\/p>\n<p> Name \/ last name*<br \/>\n<span class=\"wpcf7-form-control-wrap\" data-name=\"name\"><input size=\"40\" maxlength=\"400\" class=\"wpcf7-form-control wpcf7-text wpcf7-validates-as-required\" aria-required=\"true\" aria-invalid=\"false\" value=\"\" type=\"text\" name=\"name\" \/><\/span>\n<\/p>\n<p> Stra\u00dfe & Nummer \/ street & streetnumber*<br \/>\n<span class=\"wpcf7-form-control-wrap\" data-name=\"strasse\"><input size=\"40\" maxlength=\"400\" class=\"wpcf7-form-control wpcf7-text wpcf7-validates-as-required\" aria-required=\"true\" aria-invalid=\"false\" value=\"\" type=\"text\" name=\"strasse\" \/><\/span>\n<\/p>\n<p> PLZ \/ postcode *<br \/>\n<span class=\"wpcf7-form-control-wrap\" data-name=\"plz\"><input size=\"40\" maxlength=\"400\" class=\"wpcf7-form-control wpcf7-text wpcf7-validates-as-required\" aria-required=\"true\" aria-invalid=\"false\" value=\"\" type=\"text\" name=\"plz\" \/><\/span>\n<\/p>\n<p> Ort \/ village,town *<br \/>\n<span class=\"wpcf7-form-control-wrap\" data-name=\"ort\"><input size=\"40\" maxlength=\"400\" class=\"wpcf7-form-control wpcf7-text wpcf7-validates-as-required\" aria-required=\"true\" aria-invalid=\"false\" value=\"\" type=\"text\" name=\"ort\" \/><\/span>\n<\/p>\n<p> Land \/ nation *<br \/>\n<span class=\"wpcf7-form-control-wrap\" data-name=\"land\"><input size=\"40\" maxlength=\"400\" class=\"wpcf7-form-control wpcf7-text wpcf7-validates-as-required\" aria-required=\"true\" aria-invalid=\"false\" value=\"\" type=\"text\" name=\"land\" \/><\/span>\n<\/p>\n<p> Telefon \/ phonenumber*<br \/>\n<span class=\"wpcf7-form-control-wrap\" data-name=\"tel\"><input size=\"40\" maxlength=\"400\" class=\"wpcf7-form-control wpcf7-text wpcf7-validates-as-required\" aria-required=\"true\" aria-invalid=\"false\" value=\"\" type=\"text\" name=\"tel\" \/><\/span>\n<\/p>\n<p>Deine E-Mail-Adresse \/ your e-mail address *\n<\/p>\n<p>Bitte \u00fcberpr\u00fcfe deine E-Mail-Adresse genau!\n<\/p>\n<p>Please check your e- mail address exactly!\n<\/p>\n<p><span class=\"wpcf7-form-control-wrap\" data-name=\"email-26\"><input size=\"40\" maxlength=\"400\" class=\"wpcf7-form-control wpcf7-email wpcf7-validates-as-required wpcf7-text wpcf7-validates-as-email\" aria-required=\"true\" aria-invalid=\"false\" value=\"\" type=\"email\" name=\"email-26\" \/><\/span>\n<\/p>\n<p>gelesen \/ I read this information*\n<\/p>\n<p><span class=\"wpcf7-form-control-wrap\" data-name=\"checkbox-345\"><span class=\"wpcf7-form-control wpcf7-checkbox wpcf7-validates-as-required\"><span class=\"wpcf7-list-item first last\"><input type=\"checkbox\" name=\"checkbox-345[]\" value=\"Um eine Qualit\u00e4t der Jam zu erm\u00f6glichen, gibt es eine beschr\u00e4nkte TeilnehmerInnenanzahl.Deine Anmeldung ist nur mit durchgef\u00fchrter \u00dcberweisung g\u00fcltig. Die Reihung der Anmeldungen erfolgt nach Datum des Zahlungseingangs. \/ Because we want a quality at the jam, there will be limited participants. Your registration is accepted only with transfered money. The order of registrations is with the date of the payment receipt.\" \/><span class=\"wpcf7-list-item-label\">Um eine Qualit\u00e4t der Jam zu erm\u00f6glichen, gibt es eine beschr\u00e4nkte TeilnehmerInnenanzahl.Deine Anmeldung ist nur mit durchgef\u00fchrter \u00dcberweisung g\u00fcltig. Die Reihung der Anmeldungen erfolgt nach Datum des Zahlungseingangs. \/ Because we want a quality at the jam, there will be limited participants. Your registration is accepted only with transfered money. The order of registrations is with the date of the payment receipt.<\/span><\/span><\/span><\/span>\n<\/p>\n<p>Verpflegung bei der Jam \/ meals during jam*\n<\/p>\n<p><span class=\"wpcf7-form-control-wrap\" data-name=\"verpflegungmeal\"><span class=\"wpcf7-form-control wpcf7-checkbox wpcf7-validates-as-required wpcf7-exclusive-checkbox\"><span class=\"wpcf7-list-item first\"><input type=\"checkbox\" name=\"verpflegungmeal\" value=\"vegan\" \/><span class=\"wpcf7-list-item-label\">vegan<\/span><\/span><span class=\"wpcf7-list-item last\"><input type=\"checkbox\" name=\"verpflegungmeal\" value=\"vegetarisch \/ vegetarian\" \/><span class=\"wpcf7-list-item-label\">vegetarisch \/ vegetarian<\/span><\/span><\/span><\/span>\n<\/p>\n\n<!--<p>\u00dcbernachtung w\u00e4hrend der Jam: \/ Accommodation during the jam:<br \/>\n\u00dcbernachtungen bitte eigenverantwortlich organisieren. Eine Woche vor der Jam bekommt ihr die TeilnehmerInnenliste geschickt, um eventuell eine Schlafgelegenheit bei lokalen JamteilnehmerInnen oder Fahrgemeinschaften zu organisieren.\/Please organize your own overnight stays. One week before the jam you will be sent the list of participants in order to organize the overnights at home of local jam participants or car pools-->\n<p>\u00dcbernachtung w\u00e4hrend der Jam: \/ Accommodation during the jam:\n<\/p>\n<p>Die \u00dcbernachtungen werden von den Jamteilnehmer:innen eigenverantwortlich organisiert. Eine Empfehlung unsererseits w\u00e4re der nahegelegene Campingplatz Gerhardhof, der uns ein Spezialangebot mit Gruppenerm\u00e4\u00dfigung bietet, das mit dem Kennwort \u201eWICI 26\u201c genutzt werden kann. Hier gibt es gro\u00dfz\u00fcgige Stellpl\u00e4tze f\u00fcr Zelte, Wohnwagen und Wohnmobile. Es stehen auch Glampingzelte und einige wenige Zimmer zur Verf\u00fcgung. Die Camper d\u00fcrfen ausnahmsweise ohne Aufpreis bereits um 10.00 Uhr anreisen. Die Zimmer sind erst ab 13.00 Uhr zu beziehen. Buchbar ab 1. M\u00e4rz 26. www.gerhardhof.com\n<\/p>\n\n\n\n<!--<span class=\"wpcf7-form-control-wrap\" data-name=\"uebernachtung\"><span class=\"wpcf7-form-control wpcf7-checkbox wpcf7-exclusive-checkbox\"><span class=\"wpcf7-list-item first\"><input type=\"checkbox\" name=\"uebernachtung\" value=\"Ich w\u00fcrde gerne bei jemandem zu Hause \u00fcbernachten (bitte bring Schlafsack und Isomatte mit) \/ I would like a private sleepingplace (please take your sleepingbag and mate with you)\" \/><span class=\"wpcf7-list-item-label\">Ich w\u00fcrde gerne bei jemandem zu Hause \u00fcbernachten (bitte bring Schlafsack und Isomatte mit) \/ I would like a private sleepingplace (please take your sleepingbag and mate with you)<\/span><\/span><span class=\"wpcf7-list-item last\"><input type=\"checkbox\" name=\"uebernachtung\" value=\"Ich biete folgende Anzahl an Schlafpl\u00e4tzen an.\/ During the jam I can offer sleeping places for ICI participians at my home.\" \/><span class=\"wpcf7-list-item-label\">Ich biete folgende Anzahl an Schlafpl\u00e4tzen an.\/ During the jam I can offer sleeping places for ICI participians at my home.<\/span><\/span><\/span><\/span>\n&nbsp;&nbsp;&nbsp;&nbsp;&nbsp;&nbsp;&nbsp;&nbsp;&nbsp;&nbsp;&nbsp;Anzahl Pl\u00e4tze: <span class=\"wpcf7-form-control-wrap\" data-name=\"uebernachtung_anzahl\"><select class=\"wpcf7-form-control wpcf7-select\" aria-invalid=\"false\" name=\"uebernachtung_anzahl\"><option value=\"\">&#8211; Bitte ausw\u00e4hlen &#8211;<\/option><option value=\"1\">1<\/option><option value=\"2\">2<\/option><option value=\"3\">3<\/option><option value=\"4\">4<\/option><option value=\"5\">5<\/option><option value=\"6\">6<\/option><option value=\"7\">7<\/option><option value=\"8\">8<\/option><option value=\"9\">9<\/option><option value=\"10\">10<\/option><\/select><\/span><\/p>\n\"Ich m\u00f6chte gerne in einem der drei Zweibettzimmer (25 Euro\/Nacht\/Person) im Haus &quot;Vier und Einzig&quot; \u00fcbernachten \/ I would like to have a bed in House &quot;Vier und Einzig&quot; (25 \u20ac per night)\" -->\n<p>Eltern & Kinder: \/ parents & children\n<\/p>\n<p><span class=\"wpcf7-form-control-wrap\" data-name=\"checkbox-688\"><span class=\"wpcf7-form-control wpcf7-checkbox wpcf7-exclusive-checkbox\"><span class=\"wpcf7-list-item first last\"><label><input type=\"checkbox\" name=\"checkbox-688\" value=\"Ich\/wir bringen Kinder mit zur Jam \/ We take our child\/children to the jam.\" \/><span class=\"wpcf7-list-item-label\">Ich\/wir bringen Kinder mit zur Jam \/ We take our child\/children to the jam.<\/span><\/label><\/span><\/span><\/span>\n<\/p>\n<p>Betreff \/ subject<br \/>\n<span class=\"wpcf7-form-control-wrap\" data-name=\"your-subject\"><input size=\"40\" maxlength=\"400\" class=\"wpcf7-form-control wpcf7-text\" aria-invalid=\"false\" value=\"\" type=\"text\" name=\"your-subject\" \/><\/span>\n<\/p>\n<p>Ideen f\u00fcr ein Lab \/ ideas for a lab<br \/>\n<span class=\"wpcf7-form-control-wrap\" data-name=\"lab\"><input size=\"40\" maxlength=\"400\" class=\"wpcf7-form-control wpcf7-text\" aria-invalid=\"false\" value=\"\" type=\"text\" name=\"lab\" \/><\/span>\n<\/p>\n<p>Bemerkungen \/ comments<br \/>\n<span class=\"wpcf7-form-control-wrap\" data-name=\"your-message\"><input size=\"40\" maxlength=\"400\" class=\"wpcf7-form-control wpcf7-text\" aria-invalid=\"false\" value=\"\" type=\"text\" name=\"your-message\" \/><\/span>\n<\/p>\n\n\n\n<!--<p>\u00dcberweisung \/ Transfer money*<br \/>\n[checkbox* checkbox-800 \"Ich werde den Jambeitrag von 150\u20ac, Kinder ab 6 Jahren 30 \u20ac, schnellstens \u00fcberweisen. (Konto: CI Innsbruck IBAN: AT891600000101200302, BIC: BTVAAT22, Verwendungszweck: Dein Name und WICI) \/I will transfer Jam- fee of  150\u20ac, children from the age of six pay 30 \u20ac, immediatly (bank account: CI Innsbruck IBAN: AT891600000101200302, BIC: BTVAAT22, reason for transfer: your name and WICI)\" Falls du nicht teilnehmen kannst, ist eine \u00dcbertragung auf andere m\u00f6glich. Bis ein Monat vor der WICI erstatten wir dir den Jambeitrag abz\u00fcglich 30 Euro Bearbeitungsgeb\u00fchr zur\u00fcck.\/ We will refund your jam fee less a 30 Euro processing fee up to one month before the WICI.\"] <\/p>-->\n<p>\u00dcberweisung \/ Transfer money*\n<\/p>\n<p><span class=\"wpcf7-form-control-wrap\" data-name=\"checkbox-900\"><span class=\"wpcf7-form-control wpcf7-checkbox wpcf7-validates-as-required\"><span class=\"wpcf7-list-item first last\"><input type=\"checkbox\" name=\"checkbox-900[]\" value=\"Ich werde den Jambeitrag von 150\u20ac, Kinder ab 6 Jahren 30 \u20ac, schnellstens \u00fcberweisen. (Konto:  Empf\u00e4ngername: Verena Dummer IBAN: AT891600000101200302, BIC: BTVAAT22, Verwendungszweck: Dein Name und WICI) Falls du nicht teilnehmen kannst, ist eine \u00dcbertragung auf andere m\u00f6glich. Bis einen Monat vor der WICI erstatten wir dir den Jambeitrag abz\u00fcglich 30 Euro Bearbeitungsgeb\u00fchr zur\u00fcck.\" \/><span class=\"wpcf7-list-item-label\">Ich werde den Jambeitrag von 150\u20ac, Kinder ab 6 Jahren 30 \u20ac, schnellstens \u00fcberweisen. (Konto:  Empf\u00e4ngername: Verena Dummer IBAN: AT891600000101200302, BIC: BTVAAT22, Verwendungszweck: Dein Name und WICI) Falls du nicht teilnehmen kannst, ist eine \u00dcbertragung auf andere m\u00f6glich. Bis einen Monat vor der WICI erstatten wir dir den Jambeitrag abz\u00fcglich 30 Euro Bearbeitungsgeb\u00fchr zur\u00fcck.<\/span><\/span><\/span><\/span>\n<\/p>\n<p>Haftungsausschluss \/ disclaimer*\n<\/p>\n<p><span class=\"wpcf7-form-control-wrap\" data-name=\"checkbox-809\"><span class=\"wpcf7-form-control wpcf7-checkbox wpcf7-validates-as-required\"><span class=\"wpcf7-list-item first last\"><input type=\"checkbox\" name=\"checkbox-809[]\" value=\"Ich habe den Haftungsausschluss gelesen &amp; stimme dem Inhalt zu \/ I read the disclaimer and I agree to it.\" \/><span class=\"wpcf7-list-item-label\">Ich habe den Haftungsausschluss gelesen &amp; stimme dem Inhalt zu \/ I read the disclaimer and I agree to it.<\/span><\/span><\/span><\/span>\n<\/p>\n<p><input class=\"wpcf7-form-control wpcf7-submit has-spinner\" type=\"submit\" value=\"Senden \/ submit\" \/>\n<\/p><div class=\"wpcf7-response-output\" aria-hidden=\"true\"><\/div>\n<\/form>\n<\/div>\n\n\n\n\n<p><\/p>\n","protected":false},"excerpt":{"rendered":"","protected":false},"author":1,"featured_media":0,"parent":0,"menu_order":0,"comment_status":"closed","ping_status":"closed","template":"","meta":{"footnotes":""},"class_list":["post-2439","page","type-page","status-publish","hentry"],"_links":{"self":[{"href":"https:\/\/www.contactjam.at\/wp\/wp-json\/wp\/v2\/pages\/2439","targetHints":{"allow":["GET"]}}],"collection":[{"href":"https:\/\/www.contactjam.at\/wp\/wp-json\/wp\/v2\/pages"}],"about":[{"href":"https:\/\/www.contactjam.at\/wp\/wp-json\/wp\/v2\/types\/page"}],"author":[{"embeddable":true,"href":"https:\/\/www.contactjam.at\/wp\/wp-json\/wp\/v2\/users\/1"}],"replies":[{"embeddable":true,"href":"https:\/\/www.contactjam.at\/wp\/wp-json\/wp\/v2\/comments?post=2439"}],"version-history":[{"count":6,"href":"https:\/\/www.contactjam.at\/wp\/wp-json\/wp\/v2\/pages\/2439\/revisions"}],"predecessor-version":[{"id":2517,"href":"https:\/\/www.contactjam.at\/wp\/wp-json\/wp\/v2\/pages\/2439\/revisions\/2517"}],"wp:attachment":[{"href":"https:\/\/www.contactjam.at\/wp\/wp-json\/wp\/v2\/media?parent=2439"}],"curies":[{"name":"wp","href":"https:\/\/api.w.org\/{rel}","templated":true}]}}